{"id":5807,"date":"2025-04-15T08:56:56","date_gmt":"2025-04-15T08:56:56","guid":{"rendered":"https:\/\/samarina.lt\/?page_id=5807"},"modified":"2025-07-15T05:14:58","modified_gmt":"2025-07-15T05:14:58","slug":"apie-mus","status":"publish","type":"page","link":"https:\/\/samarina.lt\/en\/apie-mus\/","title":{"rendered":"About us"},"content":{"rendered":"<div id=\"fws_69f878a1a0d9b\"  data-column-margin=\"20px\" data-midnight=\"dark\" data-top-percent=\"1%\" data-bottom-percent=\"1%\"  class=\"wpb_row vc_row-fluid vc_row full-width-content vc_row-o-equal-height vc_row-flex vc_row-o-content-top  zindex-set right_padding_5pct left_padding_5pct right_padding_phone_14px left_padding_phone_14px\"  style=\"padding-top: calc(100vw * 0.01); padding-bottom: calc(100vw * 0.01);  z-index: 10;\"><div class=\"row-bg-wrap\" data-bg-animation=\"none\" data-bg-animation-delay=\"\" data-bg-overlay=\"false\"><div class=\"inner-wrap row-bg-layer\" ><div class=\"row-bg viewport-desktop using-bg-color\"  style=\"background-color: #f0f2f6; \"><\/div><\/div><\/div><div class=\"row_col_wrap_12 col span_12 dark left\">\n\t<div style=\"\" class=\"vc_col-sm-7 wpb_column column_container vc_column_container col el_spacing_0px bottom_margin_tablet_20px col-overflow-hidden left_padding_desktop_4vw left_padding_tablet_8vw top_padding_desktop_4vw top_padding_tablet_8vw right_padding_desktop_4vw right_padding_tablet_8vw bottom_padding_desktop_3pct bottom_padding_tablet_8vw\" data-using-bg=\"true\" data-border-radius=\"15px\" data-padding-pos=\"all\" data-has-bg-color=\"true\" data-bg-color=\"#ffffff\" data-bg-opacity=\"1\" data-animation=\"\" data-delay=\"0\" >\n\t\t<div class=\"vc_column-inner\" ><div class=\"column-bg-overlay-wrap column-bg-layer\" data-bg-animation=\"none\"><div class=\"column-bg-overlay\" style=\"opacity: 1; background-color: #ffffff;\"><\/div><\/div>\n\t\t\t<div class=\"wpb_wrapper\">\n\t\t\t\t<div id=\"fws_69f878a1a2d68\" data-midnight=\"\" data-column-margin=\"default\" class=\"wpb_row vc_row-fluid vc_row inner_row\"  style=\"\"><div class=\"row-bg-wrap\"> <div class=\"row-bg\" ><\/div> <\/div><div class=\"row_col_wrap_12_inner col span_12  left\">\n\t<div style=\" color: #0a0000;\" class=\"vc_col-sm-12 wpb_column column_container vc_column_container col child_column el_spacing_10px right_padding_desktop_25pct right_padding_tablet_33vw right_padding_phone_0px\" data-cfc=\"true\"  data-padding-pos=\"all\" data-has-bg-color=\"false\" data-bg-color=\"\" data-bg-opacity=\"1\" data-animation=\"\" data-delay=\"0\" >\n\t\t<div class=\"vc_column-inner\" >\n\t\t<div class=\"wpb_wrapper\">\n\t\t\t<div class=\"nectar-responsive-text font_size_desktop_1-8vw font_size_tablet_22px font_line_height_1-3 nectar-link-underline-effect\"><h1 style=\"text-align: left;font-size: 58px;color: #153c66\">About us<\/h1>\n<\/div><div class=\"divider-wrap\" data-alignment=\"default\"><div style=\"height: 12px;\" class=\"divider\"><\/div><\/div><div class=\"nectar-responsive-text font_size_min_14px font_size_max_20px font_size_desktop_1-1vw font_line_height_1-5 nectar-link-underline-effect\"><p>We aim to be a modern transport company with a strong focus on quality of service<\/p>\n<\/div><div class=\"divider-wrap\" data-alignment=\"default\"><div style=\"height: 44px;\" class=\"divider\"><\/div><\/div><div class=\"nectar-responsive-text font_size_desktop_1-8vw font_size_tablet_22px font_line_height_1-3 nectar-link-underline-effect\"><h3>Quality, integrity, responsibility and professionalism<\/h3>\n<\/div><div class=\"divider-wrap\" data-alignment=\"default\"><div style=\"height: 22px;\" class=\"divider\"><\/div><\/div><div class=\"nectar-responsive-text font_size_min_14px font_size_max_20px font_size_desktop_1-1vw font_line_height_1-5 nectar-link-underline-effect\"><p>Over the past years, our company has been steadily developing and growing. We provide a wide range of services with excellent results. Our main activity is international freight transport with semi-trailers.<\/p>\n<\/div>\n\t\t<\/div> \n\t<\/div>\n\t<\/div> \n<\/div><\/div><div id=\"fws_69f878a1a711a\" data-midnight=\"\" data-column-margin=\"default\" class=\"wpb_row vc_row-fluid vc_row inner_row  row_position_relative top_position_desktop_5pct\"  style=\"padding-bottom: 5%; \"><div class=\"row-bg-wrap\"> <div class=\"row-bg\" ><\/div> <\/div><div class=\"row_col_wrap_12_inner col span_12  left\">\n\t<div  class=\"vc_col-sm-12 wpb_column column_container vc_column_container col child_column no-extra-padding inherit_tablet inherit_phone\"   data-padding-pos=\"all\" data-has-bg-color=\"false\" data-bg-color=\"\" data-bg-opacity=\"1\" data-animation=\"\" data-delay=\"0\" >\n\t\t<div class=\"vc_column-inner\" >\n\t\t<div class=\"wpb_wrapper\">\n\t\t\t<div class=\"img-with-aniamtion-wrap  custom-size\" data-max-width=\"100%\" data-max-width-mobile=\"default\" data-border-radius=\"20px\" data-shadow=\"small_depth\" data-animation=\"none\" >\n      <div class=\"inner\">\n        <div class=\"hover-wrap\"> \n          <div class=\"hover-wrap-inner\">\n            <img loading=\"lazy\" decoding=\"async\" class=\"img-with-animation skip-lazy\" data-delay=\"0\" height=\"430\" width=\"768\" data-animation=\"none\" src=\"https:\/\/samarina.lt\/wp-content\/uploads\/2025\/07\/44392-768x430.jpg\" alt=\"\" srcset=\"https:\/\/samarina.lt\/wp-content\/uploads\/2025\/07\/44392-768x430.jpg 768w, https:\/\/samarina.lt\/wp-content\/uploads\/2025\/07\/44392-300x168.jpg 300w, https:\/\/samarina.lt\/wp-content\/uploads\/2025\/07\/44392-18x10.jpg 18w, https:\/\/samarina.lt\/wp-content\/uploads\/2025\/07\/44392.jpg 1000w\" sizes=\"auto, (max-width: 768px) 100vw, 768px\" \/>\n          <\/div>\n        <\/div>\n      <\/div>\n    <\/div>\n\t\t<\/div> \n\t<\/div>\n\t<\/div> \n<\/div><\/div><div id=\"fws_69f878a1a9665\" data-midnight=\"\" data-column-margin=\"default\" class=\"wpb_row vc_row-fluid vc_row inner_row\"  style=\"\"><div class=\"row-bg-wrap\"> <div class=\"row-bg\" ><\/div> <\/div><div class=\"row_col_wrap_12_inner col span_12  left\">\n\t<div  class=\"vc_col-sm-12 wpb_column column_container vc_column_container col child_column no-extra-padding inherit_tablet inherit_phone\"   data-padding-pos=\"all\" data-has-bg-color=\"false\" data-bg-color=\"\" data-bg-opacity=\"1\" data-animation=\"\" data-delay=\"0\" >\n\t\t<div class=\"vc_column-inner\" >\n\t\t<div class=\"wpb_wrapper\">\n\t\t\t<div class=\"divider-wrap\" data-alignment=\"default\"><div style=\"height: 22px;\" class=\"divider\"><\/div><\/div>\n\t\t<\/div> \n\t<\/div>\n\t<\/div> \n<\/div><\/div>\n\t\t\t<\/div> \n\t\t<\/div>\n\t<\/div> \n\n\t<div style=\" color: #000000;\" class=\"vc_col-sm-5 wpb_column column_container vc_column_container col el_spacing_20px left_padding_desktop_4vw left_padding_tablet_8vw top_padding_desktop_4vw top_padding_tablet_8vw right_padding_desktop_4vw right_padding_tablet_8vw bottom_padding_desktop_4vw bottom_padding_tablet_8vw\" data-cfc=\"true\" data-using-bg=\"true\" data-border-radius=\"15px\" data-padding-pos=\"all\" data-has-bg-color=\"true\" data-bg-color=\"#ffffff\" data-bg-opacity=\"1\" data-animation=\"\" data-delay=\"0\" >\n\t\t<div class=\"vc_column-inner\" ><div class=\"column-bg-overlay-wrap column-bg-layer\" data-bg-animation=\"none\"><div class=\"column-bg-overlay\" style=\"opacity: 1; background-color: #ffffff;\"><\/div><\/div>\n\t\t\t<div class=\"wpb_wrapper\">\n\t\t\t\t<div id=\"fws_69f878a1ab561\" data-midnight=\"\" data-column-margin=\"default\" class=\"wpb_row vc_row-fluid vc_row inner_row\"  style=\"\"><div class=\"row-bg-wrap\"> <div class=\"row-bg\" ><\/div> <\/div><div class=\"row_col_wrap_12_inner col span_12  left\">\n\t<div style=\" color: #000000;\" class=\"vc_col-sm-12 wpb_column column_container vc_column_container col child_column el_spacing_10px right_padding_tablet_33vw right_padding_phone_0px\" data-cfc=\"true\"  data-padding-pos=\"all\" data-has-bg-color=\"false\" data-bg-color=\"\" data-bg-opacity=\"1\" data-animation=\"\" data-delay=\"0\" >\n\t\t<div class=\"vc_column-inner\" >\n\t\t<div class=\"wpb_wrapper\">\n\t\t\t\n<div class=\"wpb_text_column wpb_content_element\" >\n\t<div class=\"wpb_wrapper\">\n\t\t<h5 style=\"color: #0a0000;\"><img loading=\"lazy\" decoding=\"async\" class=\"alignnone wp-image-6025\" src=\"http:\/\/samarina.lt\/wp-content\/uploads\/2025\/05\/loud-speaker.png\" alt=\"\" width=\"60\" height=\"60\" srcset=\"https:\/\/samarina.lt\/wp-content\/uploads\/2025\/05\/loud-speaker.png 128w, https:\/\/samarina.lt\/wp-content\/uploads\/2025\/05\/loud-speaker-12x12.png 12w, https:\/\/samarina.lt\/wp-content\/uploads\/2025\/05\/loud-speaker-100x100.png 100w\" sizes=\"auto, (max-width: 60px) 100vw, 60px\" \/><\/h5>\n\t<\/div>\n<\/div>\n\n\n\n<div class=\"divider-wrap\" data-alignment=\"default\"><div style=\"height: 22px;\" class=\"divider\"><\/div><\/div>\n<div class=\"wpb_text_column wpb_content_element\" >\n\t<div class=\"wpb_wrapper\">\n\t\t<h5 style=\"color: #0a0000;\">Our mission<\/h5>\n<p><span style=\"color: #0a0000;\">Getting freight from A to B in a careful and profitable way, while continuously improving operations.<\/span><\/p>\n\t<\/div>\n<\/div>\n\n\n\n<div class=\"divider-wrap\" data-alignment=\"default\"><div style=\"height: 74px;\" class=\"divider\"><\/div><\/div>\n<div class=\"wpb_text_column wpb_content_element\" >\n\t<div class=\"wpb_wrapper\">\n\t\t<h5 style=\"color: #0a0000;\"><img loading=\"lazy\" decoding=\"async\" class=\"alignnone wp-image-6035\" src=\"http:\/\/samarina.lt\/wp-content\/uploads\/2025\/05\/target-1.png\" alt=\"\" width=\"60\" height=\"60\" srcset=\"https:\/\/samarina.lt\/wp-content\/uploads\/2025\/05\/target-1.png 128w, https:\/\/samarina.lt\/wp-content\/uploads\/2025\/05\/target-1-12x12.png 12w, https:\/\/samarina.lt\/wp-content\/uploads\/2025\/05\/target-1-100x100.png 100w\" sizes=\"auto, (max-width: 60px) 100vw, 60px\" \/><\/h5>\n\t<\/div>\n<\/div>\n\n\n\n<div class=\"divider-wrap\" data-alignment=\"default\"><div style=\"height: 22px;\" class=\"divider\"><\/div><\/div>\n<div class=\"wpb_text_column wpb_content_element\" >\n\t<div class=\"wpb_wrapper\">\n\t\t<h5 style=\"color: #0a0000;\">Our vision<\/h5>\n<p><span style=\"color: #0a0000;\">Create new standards in the sector by becoming the most efficient and reliable freight transport company.<\/span><\/p>\n\t<\/div>\n<\/div>\n\n\n\n<div class=\"divider-wrap\" data-alignment=\"default\"><div style=\"height: 74px;\" class=\"divider\"><\/div><\/div>\n<div class=\"wpb_text_column wpb_content_element\" >\n\t<div class=\"wpb_wrapper\">\n\t\t<h5 style=\"color: #0a0000;\"><img loading=\"lazy\" decoding=\"async\" class=\"alignnone wp-image-6034\" src=\"http:\/\/samarina.lt\/wp-content\/uploads\/2025\/05\/web-browser.png\" alt=\"\" width=\"60\" height=\"60\" srcset=\"https:\/\/samarina.lt\/wp-content\/uploads\/2025\/05\/web-browser.png 128w, https:\/\/samarina.lt\/wp-content\/uploads\/2025\/05\/web-browser-12x12.png 12w, https:\/\/samarina.lt\/wp-content\/uploads\/2025\/05\/web-browser-100x100.png 100w\" sizes=\"auto, (max-width: 60px) 100vw, 60px\" \/><\/h5>\n\t<\/div>\n<\/div>\n\n\n\n<div class=\"divider-wrap\" data-alignment=\"default\"><div style=\"height: 22px;\" class=\"divider\"><\/div><\/div>\n<div class=\"wpb_text_column wpb_content_element\" >\n\t<div class=\"wpb_wrapper\">\n\t\t<h5 style=\"color: #0a0000;\">Our values<\/h5>\n<p>&nbsp;<\/p>\n<ul>\n<li><strong>Achieving a team result<\/strong>\u00a0- working together to make every project a success<\/li>\n<li><strong>Growing competences - an opportunity to grow<\/strong>\u00a0- we encourage continuous development and professional growth<\/li>\n<li><strong>Self-sufficiency<\/strong>\u00a0- we trust our team members and give them the freedom to act<\/li>\n<li><strong>Self-actualisation<\/strong>\u00a0- every member of our team has the opportunity to develop and realise their potential<\/li>\n<\/ul>\n\t<\/div>\n<\/div>\n\n\n\n<div class=\"divider-wrap\" data-alignment=\"default\"><div style=\"height: 44px;\" class=\"divider\"><\/div><\/div>\n<div class=\"wpb_text_column wpb_content_element\" >\n\t<div class=\"wpb_wrapper\">\n\t\t<p><span style=\"color: #0a0000;\">We're ready to work with you to reach new heights and ensure that every shipment reaches its destination smoothly and on time. With us, the road is always reliable and efficient!<\/span><\/p>\n\t<\/div>\n<\/div>\n\n\n\n<div class=\"divider-wrap\" data-alignment=\"default\"><div style=\"height: 1vh;\" class=\"divider\"><\/div><\/div>\n\t\t<\/div> \n\t<\/div>\n\t<\/div> \n<\/div><\/div>\n\t\t\t<\/div> \n\t\t<\/div>\n\t<\/div> \n<\/div><\/div>","protected":false},"excerpt":{"rendered":"Apie mus Siekiame b\u016bti \u0161iuolaikine transporto kompanija, ypating\u0105 d\u0117mes\u012f skirian\u010dia paslaug\u0173 kokybei Kokyb\u0117, s\u0105\u017einingumas, atsakomyb\u0117 ir profesionalus darbas Per pastaruosius metus m\u016bs\u0173 \u012fmon\u0117 nuolat vystosi...","protected":false},"author":2,"featured_media":0,"parent":0,"menu_order":0,"comment_status":"closed","ping_status":"closed","template":"","meta":{"footnotes":""},"class_list":["post-5807","page","type-page","status-publish"],"aioseo_notices":[],"_links":{"self":[{"href":"https:\/\/samarina.lt\/en\/wp-json\/wp\/v2\/pages\/5807","targetHints":{"allow":["GET"]}}],"collection":[{"href":"https:\/\/samarina.lt\/en\/wp-json\/wp\/v2\/pages"}],"about":[{"href":"https:\/\/samarina.lt\/en\/wp-json\/wp\/v2\/types\/page"}],"author":[{"embeddable":true,"href":"https:\/\/samarina.lt\/en\/wp-json\/wp\/v2\/users\/2"}],"replies":[{"embeddable":true,"href":"https:\/\/samarina.lt\/en\/wp-json\/wp\/v2\/comments?post=5807"}],"version-history":[{"count":32,"href":"https:\/\/samarina.lt\/en\/wp-json\/wp\/v2\/pages\/5807\/revisions"}],"predecessor-version":[{"id":6381,"href":"https:\/\/samarina.lt\/en\/wp-json\/wp\/v2\/pages\/5807\/revisions\/6381"}],"wp:attachment":[{"href":"https:\/\/samarina.lt\/en\/wp-json\/wp\/v2\/media?parent=5807"}],"curies":[{"name":"wp","href":"https:\/\/api.w.org\/{rel}","templated":true}]}}