{"id":543,"date":"2024-10-16T08:47:38","date_gmt":"2024-10-16T08:47:38","guid":{"rendered":"https:\/\/wpriverthemes.com\/gixus\/?page_id=543"},"modified":"2025-11-14T12:57:22","modified_gmt":"2025-11-14T12:57:22","slug":"kontaktai","status":"publish","type":"page","link":"https:\/\/samarina.lt\/ru\/kontaktai\/","title":{"rendered":"\u041a\u043e\u043d\u0442\u0430\u043a\u0442\u044b"},"content":{"rendered":"<div id=\"fws_69de035751d59\"  data-column-margin=\"20px\" data-midnight=\"dark\" data-top-percent=\"4%\" data-bottom-percent=\"4%\"  class=\"wpb_row vc_row-fluid vc_row full-width-content vc_row-o-equal-height vc_row-flex vc_row-o-content-top  zindex-set right_padding_5pct left_padding_5pct right_padding_phone_14px left_padding_phone_14px\"  style=\"padding-top: calc(100vw * 0.04); padding-bottom: calc(100vw * 0.04);  z-index: 10;\"><div class=\"row-bg-wrap\" data-bg-animation=\"none\" data-bg-animation-delay=\"\" data-bg-overlay=\"false\"><div class=\"inner-wrap row-bg-layer\" ><div class=\"row-bg viewport-desktop using-bg-color\"  style=\"background-color: #f0f2f6; \"><\/div><\/div><\/div><div class=\"row_col_wrap_12 col span_12 dark left\">\n\t<div style=\"\" class=\"vc_col-sm-7 wpb_column column_container vc_column_container col el_spacing_0px bottom_margin_tablet_20px col-overflow-hidden left_padding_desktop_4vw left_padding_tablet_8vw top_padding_desktop_4vw top_padding_tablet_8vw right_padding_desktop_4vw right_padding_tablet_8vw bottom_padding_desktop_4vw bottom_padding_tablet_8vw\" data-using-bg=\"true\" data-border-radius=\"15px\" data-padding-pos=\"all\" data-has-bg-color=\"true\" data-bg-color=\"#ffffff\" data-bg-opacity=\"1\" data-animation=\"\" data-delay=\"0\" >\n\t\t<div class=\"vc_column-inner\" ><div class=\"column-bg-overlay-wrap column-bg-layer\" data-bg-animation=\"none\"><div class=\"column-bg-overlay\" style=\"opacity: 1; background-color: #ffffff;\"><\/div><\/div>\n\t\t\t<div class=\"wpb_wrapper\">\n\t\t\t\t<div id=\"fws_69de035754fc7\" data-midnight=\"\" data-column-margin=\"default\" class=\"wpb_row vc_row-fluid vc_row inner_row\"  style=\"\"><div class=\"row-bg-wrap\"> <div class=\"row-bg\" ><\/div> <\/div><div class=\"row_col_wrap_12_inner col span_12  left\">\n\t<div style=\" color: #0a0000;\" class=\"vc_col-sm-12 wpb_column column_container vc_column_container col child_column el_spacing_10px right_padding_desktop_25pct right_padding_tablet_33vw right_padding_phone_0px\" data-cfc=\"true\"  data-padding-pos=\"all\" data-has-bg-color=\"false\" data-bg-color=\"\" data-bg-opacity=\"1\" data-animation=\"\" data-delay=\"0\" >\n\t\t<div class=\"vc_column-inner\" >\n\t\t<div class=\"wpb_wrapper\">\n\t\t\t<div class=\"nectar-responsive-text font_size_desktop_1-8vw font_size_tablet_22px font_line_height_1-3 nectar-link-underline-effect\"><h1 style=\"text-align: left;font-size: 58px;color: #153c66\">\u041a\u043e\u043d\u0442\u0430\u043a\u0442\u044b<\/h1>\n<\/div><div class=\"nectar-responsive-text font_size_min_14px font_size_max_20px font_size_desktop_1-1vw font_line_height_1-5 nectar-link-underline-effect\"><p class=\"wb-stl-custom4\" data-dnid=\"112\">\u0417\u0410\u041e \"\u0421\u0430\u043c\u0430\u0440\u0438\u043d\u0430\"<\/p>\n<p class=\"wb-stl-custom4\" data-dnid=\"113\">E. \u0160imk\u016bnait\u0117s g. 10<br \/>\nLT-04130 \u0412\u0438\u043b\u044c\u043d\u044e\u0441, \u041b\u0438\u0442\u0432\u0430<\/p>\n<p class=\"wb-stl-custom4\" data-dnid=\"116\">\u0422\u0435\u043b. +370 5 2392182<br \/>\n\u0424\u0430\u043a\u0441: + 370 5 2392183<br \/>\n\u042d\u043b\u0435\u043a\u0442\u0440\u043e\u043d\u043d\u0430\u044f \u043f\u043e\u0447\u0442\u0430: <a href=\"mailto:i&#110;f&#111;&#64;&#115;&#97;m&#97;&#114;&#105;n&#97;.lt\" title=\"info@samarina.lt\">info@samarina.lt<\/a><\/p>\n<p class=\"wb-stl-custom4\" data-dnid=\"120\">\u041a\u043e\u0434 \u043a\u043e\u043c\u043f\u0430\u043d\u0438\u0438 122602672<br \/>\n\u041a\u043e\u0434 \u041d\u0414\u0421 LT226026716<br \/>\n\u0420\/\u0421 LT107300010002480942<br \/>\n\u0421\u0432\u0435\u0434\u0431\u0430\u043d\u043a, \u0410O<\/p>\n<\/div>\n\t\t<\/div> \n\t<\/div>\n\t<\/div> \n<\/div><\/div>\n\t\t\t<\/div> \n\t\t<\/div>\n\t<\/div> \n\n\t<div style=\" color: #000000;\" class=\"vc_col-sm-5 wpb_column column_container vc_column_container col el_spacing_20px left_padding_desktop_4vw left_padding_tablet_8vw top_padding_desktop_4vw top_padding_tablet_8vw right_padding_desktop_4vw right_padding_tablet_8vw bottom_padding_desktop_4vw bottom_padding_tablet_8vw\" data-cfc=\"true\" data-using-bg=\"true\" data-border-radius=\"15px\" data-padding-pos=\"all\" data-has-bg-color=\"true\" data-bg-color=\"#ffffff\" data-bg-opacity=\"1\" data-animation=\"\" data-delay=\"0\" >\n\t\t<div class=\"vc_column-inner\" ><div class=\"column-bg-overlay-wrap column-bg-layer\" data-bg-animation=\"none\"><div class=\"column-bg-overlay\" style=\"opacity: 1; background-color: #ffffff;\"><\/div><\/div>\n\t\t\t<div class=\"wpb_wrapper\">\n\t\t\t\t<div id=\"fws_69de03575c596\" data-midnight=\"\" data-column-margin=\"default\" class=\"wpb_row vc_row-fluid vc_row inner_row vc_row-o-content-middle\"  style=\"\"><div class=\"row-bg-wrap\"> <div class=\"row-bg\" ><\/div> <\/div><div class=\"row_col_wrap_12_inner col span_12  left\">\n\t<div style=\" color: #000000;\" class=\"vc_col-sm-12 wpb_column column_container vc_column_container col child_column el_spacing_10px top_padding_desktop_5pct right_padding_tablet_33vw right_padding_phone_0px bottom_padding_desktop_5pct\" data-cfc=\"true\"  data-padding-pos=\"all\" data-has-bg-color=\"false\" data-bg-color=\"\" data-bg-opacity=\"1\" data-animation=\"\" data-delay=\"0\" >\n\t\t<div class=\"vc_column-inner\" >\n\t\t<div class=\"wpb_wrapper\">\n\t\t\t\n\t<div class=\"wpb_raw_code wpb_raw_html wpb_content_element\" >\n\t\t<div class=\"wpb_wrapper\">\n\t\t\t<iframe src=\"https:\/\/www.google.com\/maps\/embed?pb=!1m18!1m12!1m3!1d2307.4017855266316!2d25.221927077032518!3d54.667356075068405!2m3!1f0!2f0!3f0!3m2!1i1024!2i768!4f13.1!3m3!1m2!1s0x46dd938268e096bd%3A0xe225939f1605dc17!2sSamarina%2C%20UAB!5e0!3m2!1slt!2slt!4v1763124935300!5m2!1slt!2slt\" width=\"600\" height=\"450\" style=\"border:0;\" allowfullscreen=\"\" loading=\"lazy\" referrerpolicy=\"no-referrer-when-downgrade\"><\/iframe>\n\t\t<\/div>\n\t<\/div>\n\n\t\t<\/div> \n\t<\/div>\n\t<\/div> \n<\/div><\/div>\n\t\t\t<\/div> \n\t\t<\/div>\n\t<\/div> \n<\/div><\/div>","protected":false},"excerpt":{"rendered":"Kontaktai UAB \u201eSamarina\u201c E. \u0160imk\u016bnait\u0117s g. 10 LT-04130 Vilnius, Lietuva Tel. +370 5 2392182 Faks. + 370 5 2392183 El. pa\u0161tas: i&#110;&#102;o&#64;&#115;a&#109;&#97;ri&#110;&#97;.l&#116; \u012emon\u0117s kodas 122602672...","protected":false},"author":2,"featured_media":0,"parent":0,"menu_order":0,"comment_status":"closed","ping_status":"closed","template":"","meta":{"footnotes":""},"class_list":["post-543","page","type-page","status-publish"],"aioseo_notices":[],"_links":{"self":[{"href":"https:\/\/samarina.lt\/ru\/wp-json\/wp\/v2\/pages\/543","targetHints":{"allow":["GET"]}}],"collection":[{"href":"https:\/\/samarina.lt\/ru\/wp-json\/wp\/v2\/pages"}],"about":[{"href":"https:\/\/samarina.lt\/ru\/wp-json\/wp\/v2\/types\/page"}],"author":[{"embeddable":true,"href":"https:\/\/samarina.lt\/ru\/wp-json\/wp\/v2\/users\/2"}],"replies":[{"embeddable":true,"href":"https:\/\/samarina.lt\/ru\/wp-json\/wp\/v2\/comments?post=543"}],"version-history":[{"count":36,"href":"https:\/\/samarina.lt\/ru\/wp-json\/wp\/v2\/pages\/543\/revisions"}],"predecessor-version":[{"id":6490,"href":"https:\/\/samarina.lt\/ru\/wp-json\/wp\/v2\/pages\/543\/revisions\/6490"}],"wp:attachment":[{"href":"https:\/\/samarina.lt\/ru\/wp-json\/wp\/v2\/media?parent=543"}],"curies":[{"name":"wp","href":"https:\/\/api.w.org\/{rel}","templated":true}]}}