{"id":5807,"date":"2025-04-15T08:56:56","date_gmt":"2025-04-15T08:56:56","guid":{"rendered":"https:\/\/samarina.lt\/?page_id=5807"},"modified":"2025-07-15T05:14:58","modified_gmt":"2025-07-15T05:14:58","slug":"apie-mus","status":"publish","type":"page","link":"https:\/\/samarina.lt\/ru\/apie-mus\/","title":{"rendered":"\u041e \u043d\u0430\u0441"},"content":{"rendered":"<div id=\"fws_69f877a5e501c\"  data-column-margin=\"20px\" data-midnight=\"dark\" data-top-percent=\"1%\" data-bottom-percent=\"1%\"  class=\"wpb_row vc_row-fluid vc_row full-width-content vc_row-o-equal-height vc_row-flex vc_row-o-content-top  zindex-set right_padding_5pct left_padding_5pct right_padding_phone_14px left_padding_phone_14px\"  style=\"padding-top: calc(100vw * 0.01); padding-bottom: calc(100vw * 0.01);  z-index: 10;\"><div class=\"row-bg-wrap\" data-bg-animation=\"none\" data-bg-animation-delay=\"\" data-bg-overlay=\"false\"><div class=\"inner-wrap row-bg-layer\" ><div class=\"row-bg viewport-desktop using-bg-color\"  style=\"background-color: #f0f2f6; \"><\/div><\/div><\/div><div class=\"row_col_wrap_12 col span_12 dark left\">\n\t<div style=\"\" class=\"vc_col-sm-7 wpb_column column_container vc_column_container col el_spacing_0px bottom_margin_tablet_20px col-overflow-hidden left_padding_desktop_4vw left_padding_tablet_8vw top_padding_desktop_4vw top_padding_tablet_8vw right_padding_desktop_4vw right_padding_tablet_8vw bottom_padding_desktop_3pct bottom_padding_tablet_8vw\" data-using-bg=\"true\" data-border-radius=\"15px\" data-padding-pos=\"all\" data-has-bg-color=\"true\" data-bg-color=\"#ffffff\" data-bg-opacity=\"1\" data-animation=\"\" data-delay=\"0\" >\n\t\t<div class=\"vc_column-inner\" ><div class=\"column-bg-overlay-wrap column-bg-layer\" data-bg-animation=\"none\"><div class=\"column-bg-overlay\" style=\"opacity: 1; background-color: #ffffff;\"><\/div><\/div>\n\t\t\t<div class=\"wpb_wrapper\">\n\t\t\t\t<div id=\"fws_69f877a5e6d34\" data-midnight=\"\" data-column-margin=\"default\" class=\"wpb_row vc_row-fluid vc_row inner_row\"  style=\"\"><div class=\"row-bg-wrap\"> <div class=\"row-bg\" ><\/div> <\/div><div class=\"row_col_wrap_12_inner col span_12  left\">\n\t<div style=\" color: #0a0000;\" class=\"vc_col-sm-12 wpb_column column_container vc_column_container col child_column el_spacing_10px right_padding_desktop_25pct right_padding_tablet_33vw right_padding_phone_0px\" data-cfc=\"true\"  data-padding-pos=\"all\" data-has-bg-color=\"false\" data-bg-color=\"\" data-bg-opacity=\"1\" data-animation=\"\" data-delay=\"0\" >\n\t\t<div class=\"vc_column-inner\" >\n\t\t<div class=\"wpb_wrapper\">\n\t\t\t<div class=\"nectar-responsive-text font_size_desktop_1-8vw font_size_tablet_22px font_line_height_1-3 nectar-link-underline-effect\"><h1 style=\"text-align: left;font-size: 58px;color: #153c66\">\u041e \u043d\u0430\u0441<\/h1>\n<\/div><div class=\"divider-wrap\" data-alignment=\"default\"><div style=\"height: 12px;\" class=\"divider\"><\/div><\/div><div class=\"nectar-responsive-text font_size_min_14px font_size_max_20px font_size_desktop_1-1vw font_line_height_1-5 nectar-link-underline-effect\"><p>\u041c\u044b \u0441\u0442\u0440\u0435\u043c\u0438\u043c\u0441\u044f \u0431\u044b\u0442\u044c \u0441\u043e\u0432\u0440\u0435\u043c\u0435\u043d\u043d\u043e\u0439 \u0442\u0440\u0430\u043d\u0441\u043f\u043e\u0440\u0442\u043d\u043e\u0439 \u043a\u043e\u043c\u043f\u0430\u043d\u0438\u0435\u0439, \u0443\u0434\u0435\u043b\u044f\u044e\u0449\u0435\u0439 \u0431\u043e\u043b\u044c\u0448\u043e\u0435 \u0432\u043d\u0438\u043c\u0430\u043d\u0438\u0435 \u043a\u0430\u0447\u0435\u0441\u0442\u0432\u0443 \u043e\u0431\u0441\u043b\u0443\u0436\u0438\u0432\u0430\u043d\u0438\u044f<\/p>\n<\/div><div class=\"divider-wrap\" data-alignment=\"default\"><div style=\"height: 44px;\" class=\"divider\"><\/div><\/div><div class=\"nectar-responsive-text font_size_desktop_1-8vw font_size_tablet_22px font_line_height_1-3 nectar-link-underline-effect\"><h3>\u041a\u0430\u0447\u0435\u0441\u0442\u0432\u043e, \u0446\u0435\u043b\u043e\u0441\u0442\u043d\u043e\u0441\u0442\u044c, \u043e\u0442\u0432\u0435\u0442\u0441\u0442\u0432\u0435\u043d\u043d\u043e\u0441\u0442\u044c \u0438 \u043f\u0440\u043e\u0444\u0435\u0441\u0441\u0438\u043e\u043d\u0430\u043b\u0438\u0437\u043c<\/h3>\n<\/div><div class=\"divider-wrap\" data-alignment=\"default\"><div style=\"height: 22px;\" class=\"divider\"><\/div><\/div><div class=\"nectar-responsive-text font_size_min_14px font_size_max_20px font_size_desktop_1-1vw font_line_height_1-5 nectar-link-underline-effect\"><p>\u041d\u0430 \u043f\u0440\u043e\u0442\u044f\u0436\u0435\u043d\u0438\u0438 \u0434\u043e\u043b\u0433\u0438\u0445 \u043b\u0435\u0442 \u043d\u0430\u0448\u0430 \u043a\u043e\u043c\u043f\u0430\u043d\u0438\u044f \u043d\u0435\u0443\u043a\u043b\u043e\u043d\u043d\u043e \u0440\u0430\u0437\u0432\u0438\u0432\u0430\u0435\u0442\u0441\u044f \u0438 \u0440\u0430\u0441\u0442\u0435\u0442. \u041c\u044b \u043f\u0440\u0435\u0434\u043e\u0441\u0442\u0430\u0432\u043b\u044f\u0435\u043c \u0448\u0438\u0440\u043e\u043a\u0438\u0439 \u0441\u043f\u0435\u043a\u0442\u0440 \u0443\u0441\u043b\u0443\u0433 \u0441 \u043e\u0442\u043b\u0438\u0447\u043d\u044b\u043c\u0438 \u0440\u0435\u0437\u0443\u043b\u044c\u0442\u0430\u0442\u0430\u043c\u0438. \u041e\u0441\u043d\u043e\u0432\u043d\u043e\u0435 \u043d\u0430\u043f\u0440\u0430\u0432\u043b\u0435\u043d\u0438\u0435 \u0434\u0435\u044f\u0442\u0435\u043b\u044c\u043d\u043e\u0441\u0442\u0438 \u043a\u043e\u043c\u043f\u0430\u043d\u0438\u0438 - \u043c\u0435\u0436\u0434\u0443\u043d\u0430\u0440\u043e\u0434\u043d\u044b\u0435 \u043f\u0435\u0440\u0435\u0432\u043e\u0437\u043a\u0438 \u0433\u0440\u0443\u0437\u043e\u0432  \u0442\u0435\u043d\u0442\u043e\u0432\u0430\u043d\u043d\u044b\u043c\u0438 \u043f\u043e\u043b\u0443\u043f\u0440\u0438\u0446\u0435\u043f\u0430\u043c\u0438.<\/p>\n<\/div>\n\t\t<\/div> \n\t<\/div>\n\t<\/div> \n<\/div><\/div><div id=\"fws_69f877a5ea844\" data-midnight=\"\" data-column-margin=\"default\" class=\"wpb_row vc_row-fluid vc_row inner_row  row_position_relative top_position_desktop_5pct\"  style=\"padding-bottom: 5%; \"><div class=\"row-bg-wrap\"> <div class=\"row-bg\" ><\/div> <\/div><div class=\"row_col_wrap_12_inner col span_12  left\">\n\t<div  class=\"vc_col-sm-12 wpb_column column_container vc_column_container col child_column no-extra-padding inherit_tablet inherit_phone\"   data-padding-pos=\"all\" data-has-bg-color=\"false\" data-bg-color=\"\" data-bg-opacity=\"1\" data-animation=\"\" data-delay=\"0\" >\n\t\t<div class=\"vc_column-inner\" >\n\t\t<div class=\"wpb_wrapper\">\n\t\t\t<div class=\"img-with-aniamtion-wrap  custom-size\" data-max-width=\"100%\" data-max-width-mobile=\"default\" data-border-radius=\"20px\" data-shadow=\"small_depth\" data-animation=\"none\" >\n      <div class=\"inner\">\n        <div class=\"hover-wrap\"> \n          <div class=\"hover-wrap-inner\">\n            <img loading=\"lazy\" decoding=\"async\" class=\"img-with-animation skip-lazy\" data-delay=\"0\" height=\"430\" width=\"768\" data-animation=\"none\" src=\"https:\/\/samarina.lt\/wp-content\/uploads\/2025\/07\/44392-768x430.jpg\" alt=\"\" srcset=\"https:\/\/samarina.lt\/wp-content\/uploads\/2025\/07\/44392-768x430.jpg 768w, https:\/\/samarina.lt\/wp-content\/uploads\/2025\/07\/44392-300x168.jpg 300w, https:\/\/samarina.lt\/wp-content\/uploads\/2025\/07\/44392-18x10.jpg 18w, https:\/\/samarina.lt\/wp-content\/uploads\/2025\/07\/44392.jpg 1000w\" sizes=\"auto, (max-width: 768px) 100vw, 768px\" \/>\n          <\/div>\n        <\/div>\n      <\/div>\n    <\/div>\n\t\t<\/div> \n\t<\/div>\n\t<\/div> \n<\/div><\/div><div id=\"fws_69f877a5ecacc\" data-midnight=\"\" data-column-margin=\"default\" class=\"wpb_row vc_row-fluid vc_row inner_row\"  style=\"\"><div class=\"row-bg-wrap\"> <div class=\"row-bg\" ><\/div> <\/div><div class=\"row_col_wrap_12_inner col span_12  left\">\n\t<div  class=\"vc_col-sm-12 wpb_column column_container vc_column_container col child_column no-extra-padding inherit_tablet inherit_phone\"   data-padding-pos=\"all\" data-has-bg-color=\"false\" data-bg-color=\"\" data-bg-opacity=\"1\" data-animation=\"\" data-delay=\"0\" >\n\t\t<div class=\"vc_column-inner\" >\n\t\t<div class=\"wpb_wrapper\">\n\t\t\t<div class=\"divider-wrap\" data-alignment=\"default\"><div style=\"height: 22px;\" class=\"divider\"><\/div><\/div>\n\t\t<\/div> \n\t<\/div>\n\t<\/div> \n<\/div><\/div>\n\t\t\t<\/div> \n\t\t<\/div>\n\t<\/div> \n\n\t<div style=\" color: #000000;\" class=\"vc_col-sm-5 wpb_column column_container vc_column_container col el_spacing_20px left_padding_desktop_4vw left_padding_tablet_8vw top_padding_desktop_4vw top_padding_tablet_8vw right_padding_desktop_4vw right_padding_tablet_8vw bottom_padding_desktop_4vw bottom_padding_tablet_8vw\" data-cfc=\"true\" data-using-bg=\"true\" data-border-radius=\"15px\" data-padding-pos=\"all\" data-has-bg-color=\"true\" data-bg-color=\"#ffffff\" data-bg-opacity=\"1\" data-animation=\"\" data-delay=\"0\" >\n\t\t<div class=\"vc_column-inner\" ><div class=\"column-bg-overlay-wrap column-bg-layer\" data-bg-animation=\"none\"><div class=\"column-bg-overlay\" style=\"opacity: 1; background-color: #ffffff;\"><\/div><\/div>\n\t\t\t<div class=\"wpb_wrapper\">\n\t\t\t\t<div id=\"fws_69f877a5ee665\" data-midnight=\"\" data-column-margin=\"default\" class=\"wpb_row vc_row-fluid vc_row inner_row\"  style=\"\"><div class=\"row-bg-wrap\"> <div class=\"row-bg\" ><\/div> <\/div><div class=\"row_col_wrap_12_inner col span_12  left\">\n\t<div style=\" color: #000000;\" class=\"vc_col-sm-12 wpb_column column_container vc_column_container col child_column el_spacing_10px right_padding_tablet_33vw right_padding_phone_0px\" data-cfc=\"true\"  data-padding-pos=\"all\" data-has-bg-color=\"false\" data-bg-color=\"\" data-bg-opacity=\"1\" data-animation=\"\" data-delay=\"0\" >\n\t\t<div class=\"vc_column-inner\" >\n\t\t<div class=\"wpb_wrapper\">\n\t\t\t\n<div class=\"wpb_text_column wpb_content_element\" >\n\t<div class=\"wpb_wrapper\">\n\t\t<h5 style=\"color: #0a0000;\"><img loading=\"lazy\" decoding=\"async\" class=\"alignnone wp-image-6025\" src=\"http:\/\/samarina.lt\/wp-content\/uploads\/2025\/05\/loud-speaker.png\" alt=\"\" width=\"60\" height=\"60\" srcset=\"https:\/\/samarina.lt\/wp-content\/uploads\/2025\/05\/loud-speaker.png 128w, https:\/\/samarina.lt\/wp-content\/uploads\/2025\/05\/loud-speaker-12x12.png 12w, https:\/\/samarina.lt\/wp-content\/uploads\/2025\/05\/loud-speaker-100x100.png 100w\" sizes=\"auto, (max-width: 60px) 100vw, 60px\" \/><\/h5>\n\t<\/div>\n<\/div>\n\n\n\n<div class=\"divider-wrap\" data-alignment=\"default\"><div style=\"height: 22px;\" class=\"divider\"><\/div><\/div>\n<div class=\"wpb_text_column wpb_content_element\" >\n\t<div class=\"wpb_wrapper\">\n\t\t<h5 style=\"color: #0a0000;\">\u041d\u0430\u0448\u0430 \u043c\u0438\u0441\u0441\u0438\u044f<\/h5>\n<p><span style=\"color: #0a0000;\">\u0411\u0435\u0440\u0435\u0436\u043d\u043e \u0438 \u0432\u044b\u0433\u043e\u0434\u043d\u043e \u0434\u043e\u0441\u0442\u0430\u0432\u043b\u044f\u0439\u0442\u044c \u0433\u0440\u0443\u0437\u044b \u0438\u0437 \u043f\u0443\u043d\u043a\u0442\u0430 \u0410 \u0432 \u043f\u0443\u043d\u043a\u0442 \u0411, \u043f\u043e\u0441\u0442\u043e\u044f\u043d\u043d\u043e \u0441\u043e\u0432\u0435\u0440\u0448\u0435\u043d\u0441\u0442\u0432\u0443\u044f \u0440\u0430\u0431\u043e\u0442\u0443.<\/span><\/p>\n\t<\/div>\n<\/div>\n\n\n\n<div class=\"divider-wrap\" data-alignment=\"default\"><div style=\"height: 74px;\" class=\"divider\"><\/div><\/div>\n<div class=\"wpb_text_column wpb_content_element\" >\n\t<div class=\"wpb_wrapper\">\n\t\t<h5 style=\"color: #0a0000;\"><img loading=\"lazy\" decoding=\"async\" class=\"alignnone wp-image-6035\" src=\"http:\/\/samarina.lt\/wp-content\/uploads\/2025\/05\/target-1.png\" alt=\"\" width=\"60\" height=\"60\" srcset=\"https:\/\/samarina.lt\/wp-content\/uploads\/2025\/05\/target-1.png 128w, https:\/\/samarina.lt\/wp-content\/uploads\/2025\/05\/target-1-12x12.png 12w, https:\/\/samarina.lt\/wp-content\/uploads\/2025\/05\/target-1-100x100.png 100w\" sizes=\"auto, (max-width: 60px) 100vw, 60px\" \/><\/h5>\n\t<\/div>\n<\/div>\n\n\n\n<div class=\"divider-wrap\" data-alignment=\"default\"><div style=\"height: 22px;\" class=\"divider\"><\/div><\/div>\n<div class=\"wpb_text_column wpb_content_element\" >\n\t<div class=\"wpb_wrapper\">\n\t\t<h5 style=\"color: #0a0000;\">\u041d\u0430\u0448\u0435 \u0432\u0438\u0434\u0435\u043d\u0438\u0435<\/h5>\n<p><span style=\"color: #0a0000;\">\u0421\u043e\u0437\u0434\u0430\u0432\u0430\u0442\u044c \u0441\u0442\u0430\u043d\u0434\u0430\u0440\u0442\u044b \u0432  \u0441\u0435\u043a\u0442\u043e\u0440\u0435 \u043b\u043e\u0433\u0438\u0441\u0442\u0438\u043a\u0438, \u0441\u0442\u0430\u0432 \u0441\u0430\u043c\u043e\u0439 \u044d\u0444\u0444\u0435\u043a\u0442\u0438\u0432\u043d\u043e\u0439 \u0438 \u043d\u0430\u0434\u0435\u0436\u043d\u043e\u0439 \u043a\u043e\u043c\u043f\u0430\u043d\u0438\u0435\u0439 \u043f\u043e \u043f\u0435\u0440\u0435\u0432\u043e\u0437\u043a\u0435 \u0433\u0440\u0443\u0437\u043e\u0432.<\/span><\/p>\n\t<\/div>\n<\/div>\n\n\n\n<div class=\"divider-wrap\" data-alignment=\"default\"><div style=\"height: 74px;\" class=\"divider\"><\/div><\/div>\n<div class=\"wpb_text_column wpb_content_element\" >\n\t<div class=\"wpb_wrapper\">\n\t\t<h5 style=\"color: #0a0000;\"><img loading=\"lazy\" decoding=\"async\" class=\"alignnone wp-image-6034\" src=\"http:\/\/samarina.lt\/wp-content\/uploads\/2025\/05\/web-browser.png\" alt=\"\" width=\"60\" height=\"60\" srcset=\"https:\/\/samarina.lt\/wp-content\/uploads\/2025\/05\/web-browser.png 128w, https:\/\/samarina.lt\/wp-content\/uploads\/2025\/05\/web-browser-12x12.png 12w, https:\/\/samarina.lt\/wp-content\/uploads\/2025\/05\/web-browser-100x100.png 100w\" sizes=\"auto, (max-width: 60px) 100vw, 60px\" \/><\/h5>\n\t<\/div>\n<\/div>\n\n\n\n<div class=\"divider-wrap\" data-alignment=\"default\"><div style=\"height: 22px;\" class=\"divider\"><\/div><\/div>\n<div class=\"wpb_text_column wpb_content_element\" >\n\t<div class=\"wpb_wrapper\">\n\t\t<h5 style=\"color: #0a0000;\">\u041d\u0430\u0448\u0438 \u0446\u0435\u043d\u043d\u043e\u0441\u0442\u0438<\/h5>\n<p>&nbsp;<\/p>\n<ul>\n<li><strong>\u0414\u043e\u0441\u0442\u0438\u0436\u0435\u043d\u0438\u0435 \u043a\u043e\u043c\u0430\u043d\u0434\u043d\u043e\u0433\u043e \u0440\u0435\u0437\u0443\u043b\u044c\u0442\u0430\u0442\u0430<\/strong>\u00a0- \u0441\u043e\u0432\u043c\u0435\u0441\u0442\u043d\u0430\u044f \u0440\u0430\u0431\u043e\u0442\u0430 \u0434\u043b\u044f \u0443\u0441\u043f\u0435\u0448\u043d\u043e\u0439 \u0440\u0435\u0430\u043b\u0438\u0437\u0430\u0446\u0438\u0438 \u043a\u0430\u0436\u0434\u043e\u0433\u043e \u043f\u0440\u043e\u0435\u043a\u0442\u0430<\/li>\n<li><strong>\u0420\u0430\u0441\u0442\u0443\u0449\u0438\u0435 \u043a\u043e\u043c\u043f\u0435\u0442\u0435\u043d\u0446\u0438\u0438 - \u0432\u043e\u0437\u043c\u043e\u0436\u043d\u043e\u0441\u0442\u044c \u0440\u0430\u0437\u0432\u0438\u0432\u0430\u0442\u044c\u0441\u044f<\/strong>\u00a0- \u043c\u044b \u043f\u043e\u043e\u0449\u0440\u044f\u0435\u043c \u043f\u043e\u0441\u0442\u043e\u044f\u043d\u043d\u043e\u0435 \u0440\u0430\u0437\u0432\u0438\u0442\u0438\u0435 \u0438 \u043f\u0440\u043e\u0444\u0435\u0441\u0441\u0438\u043e\u043d\u0430\u043b\u044c\u043d\u044b\u0439 \u0440\u043e\u0441\u0442<\/li>\n<li><strong>\u0410\u0432\u0442\u043e\u043d\u043e\u043c\u0438\u044f<\/strong>\u00a0- \u041c\u044b \u0434\u043e\u0432\u0435\u0440\u044f\u0435\u043c \u0447\u043b\u0435\u043d\u0430\u043c \u043d\u0430\u0448\u0435\u0439 \u043a\u043e\u043c\u0430\u043d\u0434\u044b \u0438 \u043f\u0440\u0435\u0434\u043e\u0441\u0442\u0430\u0432\u043b\u044f\u0435\u043c \u0438\u043c \u0441\u0432\u043e\u0431\u043e\u0434\u0443 \u0434\u0435\u0439\u0441\u0442\u0432\u0438\u0439<\/li>\n<li><strong>\u0421\u0430\u043c\u043e\u0440\u0435\u0430\u043b\u0438\u0437\u0430\u0446\u0438\u044f<\/strong>\u00a0- \u043a\u0430\u0436\u0434\u044b\u0439 \u0447\u043b\u0435\u043d \u043d\u0430\u0448\u0435\u0439 \u043a\u043e\u043c\u0430\u043d\u0434\u044b \u0438\u043c\u0435\u0435\u0442 \u0432\u043e\u0437\u043c\u043e\u0436\u043d\u043e\u0441\u0442\u044c \u0440\u0430\u0437\u0432\u0438\u0432\u0430\u0442\u044c\u0441\u044f \u0438 \u0440\u0435\u0430\u043b\u0438\u0437\u043e\u0432\u044b\u0432\u0430\u0442\u044c \u0441\u0432\u043e\u0439 \u043f\u043e\u0442\u0435\u043d\u0446\u0438\u0430\u043b<\/li>\n<\/ul>\n\t<\/div>\n<\/div>\n\n\n\n<div class=\"divider-wrap\" data-alignment=\"default\"><div style=\"height: 44px;\" class=\"divider\"><\/div><\/div>\n<div class=\"wpb_text_column wpb_content_element\" >\n\t<div class=\"wpb_wrapper\">\n\t\t<p><span style=\"color: #0a0000;\">\u041c\u044b \u0433\u043e\u0442\u043e\u0432\u044b \u0440\u0430\u0431\u043e\u0442\u0430\u0442\u044c \u0441 \u0412\u0430\u043c\u0438, \u0447\u0442\u043e\u0431\u044b \u0434\u043e\u0441\u0442\u0438\u0447\u044c \u043d\u043e\u0432\u044b\u0445 \u0432\u044b\u0441\u043e\u0442 \u0438 \u0433\u0430\u0440\u0430\u043d\u0442\u0438\u0440\u043e\u0432\u0430\u0442\u044c, \u0447\u0442\u043e \u043a\u0430\u0436\u0434\u044b\u0439 \u0433\u0440\u0443\u0437 \u0431\u0443\u0434\u0435\u0442 \u0434\u043e\u0441\u0442\u0430\u0432\u043b\u0435\u043d \u0432 \u043f\u0443\u043d\u043a\u0442 \u043d\u0430\u0437\u043d\u0430\u0447\u0435\u043d\u0438\u044f \u0433\u043b\u0430\u0434\u043a\u043e \u0438 \u0432\u043e\u0432\u0440\u0435\u043c\u044f. \u0421 \u043d\u0430\u043c\u0438 \u0434\u043e\u0440\u043e\u0433\u0430 \u0432\u0441\u0435\u0433\u0434\u0430 \u043d\u0430\u0434\u0435\u0436\u043d\u0430 \u0438 \u044d\u0444\u0444\u0435\u043a\u0442\u0438\u0432\u043d\u0430!<\/span><\/p>\n\t<\/div>\n<\/div>\n\n\n\n<div class=\"divider-wrap\" data-alignment=\"default\"><div style=\"height: 1vh;\" class=\"divider\"><\/div><\/div>\n\t\t<\/div> \n\t<\/div>\n\t<\/div> \n<\/div><\/div>\n\t\t\t<\/div> \n\t\t<\/div>\n\t<\/div> \n<\/div><\/div>","protected":false},"excerpt":{"rendered":"Apie mus Siekiame b\u016bti \u0161iuolaikine transporto kompanija, ypating\u0105 d\u0117mes\u012f skirian\u010dia paslaug\u0173 kokybei Kokyb\u0117, s\u0105\u017einingumas, atsakomyb\u0117 ir profesionalus darbas Per pastaruosius metus m\u016bs\u0173 \u012fmon\u0117 nuolat vystosi...","protected":false},"author":2,"featured_media":0,"parent":0,"menu_order":0,"comment_status":"closed","ping_status":"closed","template":"","meta":{"footnotes":""},"class_list":["post-5807","page","type-page","status-publish"],"aioseo_notices":[],"_links":{"self":[{"href":"https:\/\/samarina.lt\/ru\/wp-json\/wp\/v2\/pages\/5807","targetHints":{"allow":["GET"]}}],"collection":[{"href":"https:\/\/samarina.lt\/ru\/wp-json\/wp\/v2\/pages"}],"about":[{"href":"https:\/\/samarina.lt\/ru\/wp-json\/wp\/v2\/types\/page"}],"author":[{"embeddable":true,"href":"https:\/\/samarina.lt\/ru\/wp-json\/wp\/v2\/users\/2"}],"replies":[{"embeddable":true,"href":"https:\/\/samarina.lt\/ru\/wp-json\/wp\/v2\/comments?post=5807"}],"version-history":[{"count":32,"href":"https:\/\/samarina.lt\/ru\/wp-json\/wp\/v2\/pages\/5807\/revisions"}],"predecessor-version":[{"id":6381,"href":"https:\/\/samarina.lt\/ru\/wp-json\/wp\/v2\/pages\/5807\/revisions\/6381"}],"wp:attachment":[{"href":"https:\/\/samarina.lt\/ru\/wp-json\/wp\/v2\/media?parent=5807"}],"curies":[{"name":"wp","href":"https:\/\/api.w.org\/{rel}","templated":true}]}}