{"id":6428,"date":"2025-06-11T10:23:49","date_gmt":"2025-06-11T10:23:49","guid":{"rendered":"https:\/\/samarina.lt\/?page_id=6428"},"modified":"2025-12-03T12:08:57","modified_gmt":"2025-12-03T12:08:57","slug":"darbo-uzklausa","status":"publish","type":"page","link":"https:\/\/samarina.lt\/ru\/darbo-uzklausa\/","title":{"rendered":"\u0417\u0430\u044f\u0432\u043a\u0430 \u043d\u0430 \u0440\u0430\u0431\u043e\u0442\u0443"},"content":{"rendered":"<div id=\"fws_69de383123a01\"  data-column-margin=\"default\" data-midnight=\"dark\" data-top-percent=\"4%\"  class=\"wpb_row vc_row-fluid vc_row full-width-section  zindex-set\"  style=\"padding-top: calc(100vw * 0.04); padding-bottom: 0px;  z-index: 100;\"><div class=\"row-bg-wrap\" data-bg-animation=\"none\" data-bg-animation-delay=\"\" data-bg-overlay=\"false\"><div class=\"inner-wrap row-bg-layer\" ><div class=\"row-bg viewport-desktop\"  style=\"\"><\/div><\/div><\/div><div class=\"row_col_wrap_12 col span_12 dark left\">\n\t<div  class=\"vc_col-sm-6 wpb_column column_container vc_column_container col no-extra-padding inherit_tablet inherit_phone\"  data-padding-pos=\"all\" data-has-bg-color=\"false\" data-bg-color=\"\" data-bg-opacity=\"1\" data-animation=\"\" data-delay=\"0\" >\n\t\t<div class=\"vc_column-inner\" >\n\t\t\t<div class=\"wpb_wrapper\">\n\t\t\t\t<div id=\"fws_69de3831254db\" data-midnight=\"\" data-column-margin=\"default\" class=\"wpb_row vc_row-fluid vc_row inner_row\"  style=\"padding-bottom: 4%; \"><div class=\"row-bg-wrap\"> <div class=\"row-bg\" ><\/div> <\/div><div class=\"row_col_wrap_12_inner col span_12  left\">\n\t<div  class=\"vc_col-sm-12 wpb_column column_container vc_column_container col child_column centered-text no-extra-padding inherit_tablet inherit_phone\"   data-padding-pos=\"all\" data-has-bg-color=\"false\" data-bg-color=\"\" data-bg-opacity=\"1\" data-animation=\"\" data-delay=\"0\" >\n\t\t<div class=\"vc_column-inner\" >\n\t\t<div class=\"wpb_wrapper\">\n\t\t\t<div class=\"nectar-split-heading\" data-align=\"center\" data-m-align=\"inherit\" data-text-effect=\"default\" data-animation-type=\"twist-in\" data-animation-delay=\"0\" data-animation-offset=\"\" data-m-rm-animation=\"\" data-stagger=\"\" data-custom-font-size=\"true\" data-has-fit-text=\"true\" style=\"font-size: 3vw; line-height: 3.3vw;\"><h1 style=\" color: #a71c14;\">\u041f\u0440\u0438\u0441\u043e\u0435\u0434\u0438\u043d\u044f\u0439\u0442\u0435\u0441\u044c \u043a \u043d\u0430\u043c<\/h1><\/div>\n<div class=\"wpb_text_column wpb_content_element\" >\n\t<div class=\"wpb_wrapper\">\n\t\t<p style=\"text-align: left;\">\u0412\u044b \u0440\u0435\u0448\u0438\u043b\u0438 \u043f\u0440\u0438\u0441\u043e\u0435\u0434\u0438\u043d\u0438\u0442\u044c\u0441\u044f \u043a \u043d\u0430\u0448\u0435\u0439 \u0440\u0430\u0441\u0442\u0443\u0449\u0435\u0439 \u043b\u043e\u0433\u0438\u0441\u0442\u0438\u0447\u0435\u0441\u043a\u043e\u0439 \u043a\u043e\u043c\u043f\u0430\u043d\u0438\u0438? \u041c\u044b \u0438\u0449\u0435\u043c \u0442\u0432\u043e\u0440\u0447\u0435\u0441\u043a\u0438\u0445 \u0438 \u0446\u0435\u043b\u0435\u0443\u0441\u0442\u0440\u0435\u043c\u043b\u0435\u043d\u043d\u044b\u0445 \u043f\u0440\u043e\u0444\u0435\u0441\u0441\u0438\u043e\u043d\u0430\u043b\u043e\u0432, \u043a\u043e\u0442\u043e\u0440\u044b\u0435 \u0445\u043e\u0442\u044f\u0442 \u0440\u0430\u0437\u0432\u0438\u0432\u0430\u0442\u044c \u0441\u0432\u043e\u044e \u043a\u0430\u0440\u044c\u0435\u0440\u0443 \u0432 \u0434\u0438\u043d\u0430\u043c\u0438\u0447\u043d\u043e\u0439 \u0441\u0444\u0435\u0440\u0435. \u0412\u044b \u043c\u043e\u0436\u0435\u0442\u0435 \u043e\u0442\u043f\u0440\u0430\u0432\u0438\u0442\u044c \u0441\u0432\u043e\u0435 \u0440\u0435\u0437\u044e\u043c\u0435 \u043f\u043e \u044d\u043b\u0435\u043a\u0442\u0440\u043e\u043d\u043d\u043e\u0439 \u043f\u043e\u0447\u0442\u0435 \u043f\u043e \u0430\u0434\u0440\u0435\u0441\u0443 <a href=\"mailto:&#101;le&#111;&#110;&#111;&#114;&#97;&#64;s&#97;&#109;&#97;&#114;&#105;n&#97;&#46;l&#116;\" title=\"eleonora@samarina.lt\">eleonora@samarina.lt<\/a> \u0438\u043b\u0438 \u0432\u043e\u0441\u043f\u043e\u043b\u044c\u0437\u0443\u0439\u0442\u0435\u0441\u044c \u0444\u043e\u0440\u043c\u043e\u0439 \u0440\u0435\u0433\u0438\u0441\u0442\u0440\u0430\u0446\u0438\u0438 \u043d\u0438\u0436\u0435.<\/p>\n\t<\/div>\n<\/div>\n\n\n\n\n\t\t<\/div> \n\t<\/div>\n\t<\/div> \n<\/div><\/div><div id=\"fws_69de383127a73\" data-midnight=\"\" data-column-margin=\"default\" class=\"wpb_row vc_row-fluid vc_row inner_row\"  style=\"\"><div class=\"row-bg-wrap\"> <div class=\"row-bg\" ><\/div> <\/div><div class=\"row_col_wrap_12_inner col span_12  left\">\n\t<div style=\"margin-bottom: -10%; \" class=\"vc_col-sm-12 wpb_column column_container vc_column_container col child_column has-animation padding-6-percent inherit_tablet inherit_phone\"  data-using-bg=\"true\" data-padding-pos=\"all\" data-has-bg-color=\"true\" data-bg-color=\"#ffffff\" data-bg-opacity=\"1\" data-animation=\"fade-in-from-bottom\" data-delay=\"0\" >\n\t\t<div class=\"vc_column-inner\" ><div class=\"column-bg-overlay-wrap column-bg-layer\" data-bg-animation=\"none\"><div class=\"column-bg-overlay\" style=\"opacity: 1; background-color: #ffffff;\"><\/div><\/div>\n\t\t<div class=\"wpb_wrapper\">\n\t\t\t\n<div class=\"wpcf7 no-js\" id=\"wpcf7-f6135-o1\" lang=\"lt-LT\" dir=\"ltr\" data-wpcf7-id=\"6135\">\n<div class=\"screen-reader-response\"><p role=\"status\" aria-live=\"polite\" aria-atomic=\"true\"><\/p> <ul><\/ul><\/div>\n<form action=\"\/ru\/wp-json\/wp\/v2\/pages\/6428#wpcf7-f6135-o1\" method=\"post\" class=\"wpcf7-form init\" aria-label=\"Kontakt\u0173 forma\" enctype=\"multipart\/form-data\" novalidate=\"novalidate\" data-status=\"init\" data-trp-original-action=\"\/ru\/wp-json\/wp\/v2\/pages\/6428#wpcf7-f6135-o1\">\n<fieldset class=\"hidden-fields-container\"><input type=\"hidden\" name=\"_wpcf7\" value=\"6135\" \/><input type=\"hidden\" name=\"_wpcf7_version\" value=\"6.1\" \/><input type=\"hidden\" name=\"_wpcf7_locale\" value=\"lt_LT\" \/><input type=\"hidden\" name=\"_wpcf7_unit_tag\" value=\"wpcf7-f6135-o1\" \/><input type=\"hidden\" name=\"_wpcf7_container_post\" value=\"0\" \/><input type=\"hidden\" name=\"_wpcf7_posted_data_hash\" value=\"\" \/>\n<\/fieldset>\n<p><label> \u0418\u043c\u044f (*)<br \/>\n<span class=\"wpcf7-form-control-wrap\" data-name=\"your-name\"><input size=\"40\" maxlength=\"400\" class=\"wpcf7-form-control wpcf7-text wpcf7-validates-as-required\" aria-required=\"true\" aria-invalid=\"false\" value=\"\" type=\"text\" name=\"your-name\" \/><\/span> <\/label><br \/>\n<label> \u042d\u043b\u0435\u043a\u0442\u0440\u043e\u043d\u043d\u0430\u044f \u043f\u043e\u0447\u0442\u0430 (*)<br \/>\n<span class=\"wpcf7-form-control-wrap\" data-name=\"your-email\"><input size=\"40\" maxlength=\"400\" class=\"wpcf7-form-control wpcf7-email wpcf7-validates-as-required wpcf7-text wpcf7-validates-as-email\" aria-required=\"true\" aria-invalid=\"false\" value=\"\" type=\"email\" name=\"your-email\" \/><\/span> <\/label><br \/>\n<label> \u0422\u0435\u043b\u0435\u0444\u043e\u043d (*) <span class=\"wpcf7-form-control-wrap\" data-name=\"tel-57\"><input size=\"40\" maxlength=\"400\" class=\"wpcf7-form-control wpcf7-tel wpcf7-text wpcf7-validates-as-tel\" aria-invalid=\"false\" value=\"\" type=\"tel\" name=\"tel-57\" \/><\/span><\/label><br \/>\n<label> \u0421\u043e\u043e\u0431\u0449\u0435\u043d\u0438\u0435 \u0434\u043b\u044f<br \/>\n<span class=\"wpcf7-form-control-wrap\" data-name=\"your-message\"><textarea cols=\"40\" rows=\"10\" maxlength=\"2000\" class=\"wpcf7-form-control wpcf7-textarea\" aria-invalid=\"false\" name=\"your-message\"><\/textarea><\/span> <\/label><br \/>\n<label> \u041f\u043e\u0436\u0430\u043b\u0443\u0439\u0441\u0442\u0430, \u043f\u0440\u0438\u043b\u043e\u0436\u0438\u0442\u0435 \u0412\u0430\u0448\u0435 \u0440\u0435\u0437\u044e\u043c\u0435<br \/>\n<span class=\"wpcf7-form-control-wrap\" data-name=\"your-attachment\"><input size=\"40\" class=\"wpcf7-form-control wpcf7-file\" accept=\".jpg,.jpeg,.png,.pdf,.doc,.docx\" aria-invalid=\"false\" type=\"file\" name=\"your-attachment\" \/><\/span> <\/label><br \/>\n<label><br \/>\n<span class=\"wpcf7-form-control-wrap\" data-name=\"quiz-math\"><label><span class=\"wpcf7-quiz-label\">\u0421\u043a\u043e\u043b\u044c\u043a\u043e \u0431\u0443\u0434\u0435\u0442 5 + 3?<\/span> <input size=\"40\" class=\"wpcf7-form-control wpcf7-quiz\" autocomplete=\"off\" aria-required=\"true\" aria-invalid=\"false\" type=\"text\" name=\"quiz-math\" \/><\/label><input type=\"hidden\" name=\"_wpcf7_quiz_answer_quiz-math\" value=\"8e119bd2ee2169b71720f858ab855c95\" \/><\/span><br \/>\n<\/label><br \/>\n<input class=\"wpcf7-form-control wpcf7-submit has-spinner\" type=\"submit\" value=\"\u041a\u041e\u041d\u0422\u0410\u041a\u0422\" \/>\n<\/p><div class=\"wpcf7-response-output\" aria-hidden=\"true\"><\/div>\n<input type=\"hidden\" name=\"trp-form-language\" value=\"ru\"\/><\/form>\n<\/div>\n<div class=\"divider-wrap\" data-alignment=\"default\"><div style=\"height: 84px;\" class=\"divider\"><\/div><\/div>\n\t\t<\/div> \n\t<\/div>\n\t<\/div> \n<\/div><\/div>\n\t\t\t<\/div> \n\t\t<\/div>\n\t<\/div> \n\n\t<div style=\" color: #ffffff;\" class=\"vc_col-sm-6 wpb_column column_container vc_column_container col padding-7-percent inherit_tablet inherit_phone\" data-cfc=\"true\" data-using-bg=\"true\" data-padding-pos=\"all\" data-has-bg-color=\"true\" data-bg-color=\"#153c66\" data-bg-opacity=\"1\" data-animation=\"\" data-delay=\"0\" >\n\t\t<div class=\"vc_column-inner\" ><div class=\"column-bg-overlay-wrap column-bg-layer\" data-bg-animation=\"none\"><div class=\"column-bg-overlay\" style=\"opacity: 1; background-color: #153c66;\"><\/div><\/div>\n\t\t\t<div class=\"wpb_wrapper\">\n\t\t\t\t\n<div class=\"wpb_text_column wpb_content_element\" >\n\t<div class=\"wpb_wrapper\">\n\t\t<h4>\u041b\u0438\u0442\u043e\u0432\u0441\u043a\u0430\u044f \u043b\u043e\u0433\u0438\u0441\u0442\u0438\u0447\u0435\u0441\u043a\u0430\u044f \u043a\u043e\u043c\u043f\u0430\u043d\u0438\u044f Samarina (\u043f\u0440\u044f\u043c\u043e\u0439 \u0440\u0430\u0431\u043e\u0442\u043e\u0434\u0430\u0442\u0435\u043b\u044c) \u043f\u0440\u0438\u0433\u043b\u0430\u0448\u0430\u0435\u0442 \u043d\u0430 \u0440\u0430\u0431\u043e\u0442\u0443\n\u0432\u043e\u0434\u0438\u0442\u0435\u043b\u0435\u0439 \u043c\u0435\u0436\u0434\u0443\u043d\u0430\u0440\u043e\u0434\u043d\u044b\u0445 \u0433\u0440\u0443\u0437\u043e\u043f\u0435\u0440\u0435\u0432\u043e\u0437o\u043a\n\u0420\u0430\u0431\u043e\u0442\u0430 \u0432 \u043f\u0440\u043e\u0432\u0435\u0440\u0435\u043d\u043d\u043e\u0439 \u0432\u0440\u0435\u043c\u0435\u043d\u0435\u043c \u0441\u0442\u0430\u0431\u0438\u043b\u044c\u043d\u043e\u0439 \u043a\u043e\u043c\u043f\u0430\u043d\u0438\u0438 \u2013 \u043c\u044b \u0440\u0430\u0431\u043e\u0442\u0430\u0435\u043c \u0432 \u0441\u0444\u0435\u0440\u0435 \u043b\u043e\u0433\u0438\u0441\u0442\u0438\u043a\u0438\n\u0431\u043e\u043b\u0435\u0435 30 \u043b\u0435\u0442!<\/h4>\n<p>- \u0420\u0430\u0431\u043e\u0442\u0430 \u0432 \u0415\u0432\u0440\u043e\u043f\u0435 (\u043a\u0440\u043e\u043c\u0435 \u0410\u043d\u0433\u043b\u0438\u0438)<br \/>\n- \u041e\u043f\u043b\u0430\u0447\u0438\u0432\u0430\u0435\u043c\u044b\u0439 \u0432\u044b\u0435\u0437\u0434 \u0438\u0437 \u0412\u0438\u043b\u044c\u043d\u044e\u0441\u0430 (\u043d\u0430 \u043c\u0438\u043a\u0440\u043e\u0430\u0432\u0442\u043e\u0431\u0443\u0441\u0435)<br \/>\n- \u0417\u0430\u043c\u0435\u043d\u0430 \u0432\u043e\u0434\u0438\u0442\u0435\u043b\u044f \u043f\u0440\u043e\u0438\u0441\u0445\u043e\u0434\u0438\u0442 \u0432 \u0415\u0432\u0440\u043e\u043f\u0435<br \/>\n- \u0420\u0435\u0436\u0438\u043c \u0440\u0430\u0431\u043e\u0442\u044b: 8\/4, 6\/3 \u043d\u0435\u0434\u0435\u043b\u0438 (\u0435\u0441\u0442\u044c \u0432\u043e\u0437\u043c\u043e\u0436\u043d\u043e\u0441\u0442\u044c \u0440\u0430\u0431\u043e\u0442\u044b \u0432 \u0442\u0435\u0447\u0435\u043d\u0438\u0435 \u0431\u043e\u043b\u0435\u0435 \u0434\u043b\u0438\u0442\u0435\u043b\u044c\u043d\u043e\u0433\u043e \u043f\u0435\u0440\u0438\u043e\u0434\u0430\n\u0432\u0440\u0435\u043c\u0435\u043d\u0438)<br \/>\n- \u0422\u044f\u0433\u0430\u0447\u0438 MAN, DAF, MB EURO-6 \u0441 \u0442\u0435\u043d\u0442\u043e\u0432\u044b\u043c\u0438 \u043f\u043e\u043b\u0443\u043f\u0440\u0438\u0446\u0435\u043f\u0430\u043c\u0438 Krone \u0438\u043b\u0438 Kogel<br \/>\n- \u0414\u043e\u043b\u0433\u043e\u0441\u0440\u043e\u0447\u043d\u044b\u0439 \u0442\u0440\u0443\u0434\u043e\u0432\u043e\u0439 \u0434\u043e\u0433\u043e\u0432\u043e\u0440, \u043f\u043e\u043c\u043e\u0449\u044c \u0432 \u043e\u0444\u043e\u0440\u043c\u043b\u0435\u043d\u0438\u0438 \u0432\u0441\u0435\u0445 \u043d\u0435\u043e\u0431\u0445\u043e\u0434\u0438\u043c\u044b\u0445 \u0434\u043b\u044f \u0440\u0430\u0431\u043e\u0442\u044b\n\u0434\u043e\u043a\u0443\u043c\u0435\u043d\u0442\u043e\u0432<br \/>\n- \u041d\u0435\u0442 \u0437\u0430\u043c\u0435\u043d\u044b \u043f\u043e\u0434\u0434\u043e\u043d\u0430<br \/>\n- \u0417\u0430\u0440\u0430\u0431\u043e\u0442\u043d\u0430\u044f \u043f\u043b\u0430\u0442\u0430 \u0432\u0441\u0435\u0433\u0434\u0430 \u0432\u044b\u043f\u043b\u0430\u0447\u0438\u0432\u0430\u0435\u0442\u0441\u044f \u0432\u043e\u0432\u0440\u0435\u043c\u044f (+\u0411\u041e\u041d\u0423\u0421\u042b)<br \/>\n- \u041f\u0440\u0435\u043c\u0438\u0438 \u0437\u0430 \u0432\u044b\u0441\u043b\u0443\u0433\u0443 \u043b\u0435\u0442 \u043f\u043e\u0441\u043b\u0435 \u043e\u0434\u043d\u043e\u0433\u043e \u0433\u043e\u0434\u0430 \u0440\u0430\u0431\u043e\u0442\u044b \u0432 \u043a\u043e\u043c\u043f\u0430\u043d\u0438\u0438<br \/>\n-  \u0417\u0430\u0440\u0430\u0431\u043e\u0442\u043d\u0430\u044f \u043f\u043b\u0430\u0442\u0430 - o\u0442 90 \u0435\u0432\u0440\u043e \u0432 \u0434\u0435\u043d\u044c<br \/>\n- \u0415\u0441\u0442\u044c \u0432\u043e\u0437\u043c\u043e\u0436\u043d\u043e\u0441\u0442\u044c \u0440\u0430\u0431\u043e\u0442\u044b \u0432 \u043f\u0430\u0440\u043d\u043e\u043c \u044d\u043a\u0438\u043f\u0430\u0436\u0435<br \/>\n- \u041f\u0440\u0438\u0445\u043e\u0434\u0438 \u043a \u043d\u0430\u043c \u0438 \u043f\u043e\u043b\u0443\u0447\u0438 500 \u20ac \u0431\u043e\u043d\u0443\u0441!<br \/>\n- \u041f\u0440\u0438\u0432\u0435\u0434\u0438 \u0432\u043e\u0434\u0438\u0442\u0435\u043b\u044f \u2014 \u0438 \u043f\u043e\u043b\u0443\u0447\u0438\u0442\u0435 \u043f\u043e 500 \u20ac \u043e\u0431\u0430! \u041e\u0431\u044a\u0435\u0434\u0438\u043d\u044f\u0439\u0442\u0435\u0441\u044c, \u0440\u0430\u0431\u043e\u0442\u0430\u0439\u0442\u0435 \u0432\u043c\u0435\u0441\u0442\u0435 \u0438 \u043f\u043e\u043b\u0443\u0447\u0430\u0439\u0442\u0435 \u0431\u043e\u043d\u0443\u0441. \u0412\u0441\u0451 \u043f\u0440\u043e\u0441\u0442\u043e.<br \/>\n- \u0414\u043b\u044f \u043a\u0430\u043d\u0434\u0438\u0434\u0430\u0442\u043e\u0432, \u043d\u0435 \u0438\u043c\u0435\u044e\u0449\u0438\u0445 \u043e\u043f\u044b\u0442\u0430 \u0440\u0430\u0431\u043e\u0442\u044b \u0432 \u0415\u0432\u0440\u043e\u043f\u0435, \u043c\u044b \u043e\u0440\u0433\u0430\u043d\u0438\u0437\u0443\u0435\u043c \u043e\u043f\u043b\u0430\u0447\u0438\u0432\u0430\u0435\u043c\u044b\u0435 \u0441\u0442\u0430\u0436\u0438\u0440\u043e\u0432\u043a\u0438<br \/>\n- \u0412\u0441\u0435 \u0441\u043e\u0446\u0438\u0430\u043b\u044c\u043d\u044b\u0435 \u0433\u0430\u0440\u0430\u043d\u0442\u0438\u0438 \u0438 \u043a\u043e\u043c\u0444\u043e\u0440\u0442\u043d\u044b\u0435 \u0443\u0441\u043b\u043e\u0432\u0438\u044f \u0434\u043b\u044f \u0440\u0430\u0431\u043e\u0442\u044b<\/p>\n<h4>\u0422\u0440\u0435\u0431\u043e\u0432\u0430\u043d\u0438\u044f:<\/h4>\n<p>- \u041e\u043f\u044b\u0442 \u0440\u0430\u0431\u043e\u0442\u044b \u043e\u0442 \u043f\u043e \u0415\u0432\u0440\u043e\u043f\u0435 (\u043f\u043e \u043a\u0430\u0442\u0435\u0433\u043e\u0440\u0438\u0438 \u201eCE\u201c)<br \/>\n- \u041e\u0442\u0432\u0435\u0442\u0441\u0442\u0432\u0435\u043d\u043d\u043e\u0435 \u043e\u0442\u043d\u043e\u0448\u0435\u043d\u0438\u0435 \u043a \u0440\u0430\u0431\u043e\u0442\u0435<\/p>\n<p>\u0414\u043b\u044f \u043f\u043e\u043b\u0443\u0447\u0435\u043d\u0438\u044f \u0431\u043e\u043b\u0435\u0435 \u043f\u043e\u0434\u0440\u043e\u0431\u043d\u043e\u0439 \u0438\u043d\u0444\u043e\u0440\u043c\u0430\u0446\u0438\u0438 \u0441\u0432\u044f\u0436\u0438\u0442\u0435\u0441\u044c \u043f\u043e \u043d\u043e\u043c\u0435\u0440\u0443:<br \/>\n<strong><a style=\"color: white;\" href=\"tel:+37069935952\">+370 699 35952<\/a><\/strong> (Viber\/WhatsApp)<\/p>\n\t<\/div>\n<\/div>\n\n\n\n\n\t\t\t<\/div> \n\t\t<\/div>\n\t<\/div> \n<\/div><\/div>","protected":false},"excerpt":{"rendered":"Prisijunkite prie m\u016bs\u0173 Apsisprend\u0117t prisid\u0117ti prie m\u016bs\u0173 augan\u010dios logistikos bendrov\u0117s? Ie\u0161kome k\u016brybi\u0161k\u0173 ir motyvuot\u0173 specialist\u0173, kurie nori pl\u0117toti savo karjer\u0105 dinami\u0161koje srityje. Savo CV galite...","protected":false},"author":2,"featured_media":0,"parent":0,"menu_order":0,"comment_status":"closed","ping_status":"closed","template":"","meta":{"footnotes":""},"class_list":["post-6428","page","type-page","status-publish"],"aioseo_notices":[],"_links":{"self":[{"href":"https:\/\/samarina.lt\/ru\/wp-json\/wp\/v2\/pages\/6428","targetHints":{"allow":["GET"]}}],"collection":[{"href":"https:\/\/samarina.lt\/ru\/wp-json\/wp\/v2\/pages"}],"about":[{"href":"https:\/\/samarina.lt\/ru\/wp-json\/wp\/v2\/types\/page"}],"author":[{"embeddable":true,"href":"https:\/\/samarina.lt\/ru\/wp-json\/wp\/v2\/users\/2"}],"replies":[{"embeddable":true,"href":"https:\/\/samarina.lt\/ru\/wp-json\/wp\/v2\/comments?post=6428"}],"version-history":[{"count":24,"href":"https:\/\/samarina.lt\/ru\/wp-json\/wp\/v2\/pages\/6428\/revisions"}],"predecessor-version":[{"id":6496,"href":"https:\/\/samarina.lt\/ru\/wp-json\/wp\/v2\/pages\/6428\/revisions\/6496"}],"wp:attachment":[{"href":"https:\/\/samarina.lt\/ru\/wp-json\/wp\/v2\/media?parent=6428"}],"curies":[{"name":"wp","href":"https:\/\/api.w.org\/{rel}","templated":true}]}}